{"id":17,"date":"2015-11-08T21:30:16","date_gmt":"2015-11-08T21:30:16","guid":{"rendered":"http:\/\/localhost:90\/exline\/?page_id=17"},"modified":"2026-03-05T13:25:43","modified_gmt":"2026-03-05T12:25:43","slug":"frontpage","status":"publish","type":"page","link":"https:\/\/optimalsk.sk\/","title":{"rendered":"Frontpage"},"content":{"rendered":"<div class=\"wpb-content-wrapper\"><p>[vc_row el_id=&#8220;home&#8220;][vc_column]<section id=\"hero\" class=\"full-screen slideshows\"><div data-top=\"transform: translate3d(0px, 0px, 0px)\" data-top-bottom=\"transform: translate3d(0px, -200px, 0px)\" data-anchor-target=\"#hero\" class=\"parallax-hero full-screen bg-slideshow-wrapper\"><div data-background=\"https:\/\/optimalsk.sk\/wp-content\/uploads\/2026\/03\/kia-mania1920x1080.avif\"\" class=\"slideshow slide-1 bg-dark-10 bg-img\"><\/div><div data-background=\"https:\/\/optimalsk.sk\/wp-content\/uploads\/2026\/03\/kia-mania1920x1080.avif\"\" class=\"slideshow slide-2 bg-dark-10 bg-img\"><\/div><div data-background=\"https:\/\/optimalsk.sk\/wp-content\/uploads\/2026\/03\/kia-mania1920x1080.avif\"\" class=\"slideshow slide-3 bg-dark-10 bg-img\"><\/div><div data-background=\"https:\/\/optimalsk.sk\/wp-content\/uploads\/2026\/03\/kia-mania1920x1080.avif\"\" class=\"slideshow slide-4 bg-dark-10 bg-img\"><\/div><div data-background=\"https:\/\/optimalsk.sk\/wp-content\/uploads\/2026\/03\/kia-mania1920x1080.avif\"\" class=\"slideshow slide-5 bg-dark-10 bg-img\"><\/div><div data-background=\"https:\/\/optimalsk.sk\/wp-content\/uploads\/2026\/03\/kia-mania1920x1080.avif\"\" class=\"slideshow slide-6 bg-dark-10 bg-img\"><\/div><\/div><div class=\"hero-content\"><div class=\"hero-content-inner\"><div data-wow-delay=\"0.5s\" data-wow-duration=\"3s\" class=\"hs-line-2 wow fadeInDown\"  style=\" color:#ffffff; font-size:24px; line-height:24px;\">Optimalplus<\/div><h1 data-wow-delay=\"0.5s\" data-wow-duration=\"3s\" class=\"hs-line-1 wow fadeInUp\"  style=\" color:#ffffff; font-size:32px; line-height:32px;\">Autorizovan\u00fd predajca KIA<\/h1><\/div><\/div><a href=\"#section_about\" data-start=\"display: block\" data-100-start=\"display: none\" class=\"btn-scroll-down scroll\"><\/a> <\/section>[\/vc_column][\/vc_row][vc_row css=&#8220;.vc_custom_1477475873201{background-color: #dd3333 !important;}&#8220;][vc_column]<style>.nt-facts-section h4{color:#ffffff !important;}.nt-facts-section .facts-icon{color:#ffffff !important;}.nt-facts-section .focus-number, .nt-facts-section .after-number{color:#ffffff !important;}.nt-facts-section .fact-desc{color:#ffffff !important;}.nt-progress-section h3 {color:#05141f !important;}.nt-progress-section blockquote {color:#05141f !important;}.nt-progress-section .progress-box .progress-bar {background-color:#05141f !important;}.nt-about-section h3 {color:#05141f !important;}.nt-about-section blockquote p {color:#05141f !important;}.nt-about-section .about-quote-author {color:#05141f !important;}<\/style><section id=\"section_about\"><div  class=\"nt-about-section  vc_custom_1701367244459\"><div class=\"container\"> <div class=\"row mt-40 mt-xs-20\"><div class=\"col-md-12 text-center\"><h3 >O na\u0161ej <b>spolo\u010dnosti<\/b><\/h3><\/div><\/div><div class=\"row mt-60 mt-xs-30\"><div class=\"col-md-8 col-md-offset-2 text-center\"><blockquote data-wow-delay=\"0.1s\" data-wow-duration=\"1s\" class=\"about-quote wow fadeInUp\"><p >Na\u0161a spolo\u010dnos\u0165 sa zaober\u00e1 predajom a servisom nov\u00fdch i ojazden\u00fdch vozidiel zna\u010dky KIA. Vieme V\u00e1m pon\u00faknu\u0165 leasingov\u00e9 a pois\u0165ovacie slu\u017eby. V are\u00e1li m\u00e1me k dispoz\u00edci\u00ed pre v\u0161etk\u00fdch z\u00e1kazn\u00edkov ru\u010dn\u00fa autoumyv\u00e1re\u0148. Rovnako pon\u00fakame aj slu\u017eby opr\u00e1v vozidiel po poistn\u00fdch udalostiach, kde spolupracujeme so \u0161irokou \u0161k\u00e1lou pois\u0165ovn\u00ed. So zna\u010dkou KIA sme sp\u00e4t\u00ed od roku 2005.<\/p><\/blockquote><\/div><\/div><\/div><\/div> <div id=\"facts\" class=\"small-section bg-light nt-facts-section  vc_custom_1701367244460\"><div class=\"container\"><div class=\"row\"><div class=\"col-md-12\"><h4 class=\"alt-font\" ><\/h4><\/div><\/div><div class=\"row mt-60\"><div class=\"col-md-3 col-sm-6 center\"><div class=\"fact-item\"><div class=\"fact-number\"><span class=\"icon-piechart facts-icon icon_list_default\"><\/span><span class=\"focus-number\">2000<\/span><span class=\"after-number\">+<\/span><\/div><h5 class=\"fact-desc alt-font\">Predan\u00fdch \u00e1ut<\/h5><\/div> <\/div><div class=\"col-md-3 col-sm-6 center\"><div class=\"fact-item\"><div class=\"fact-number\"><span class=\"icon-tools-2 facts-icon icon_list_default\"><\/span><span class=\"focus-number\">15000<\/span><span class=\"after-number\">+<\/span><\/div><h5 class=\"fact-desc alt-font\">Servisovan\u00fdch \u00e1ut<\/h5><\/div> <\/div><div class=\"col-md-3 col-sm-6 center\"><div class=\"fact-item\"><div class=\"fact-number\"><span class=\"icon-briefcase facts-icon icon_list_default\"><\/span><span class=\"focus-number\">5000<\/span><span class=\"after-number\">+<\/span><\/div><h5 class=\"fact-desc alt-font\">\u00daspe\u0161n\u00fdch poistn\u00fdch udalosti\u00ed<\/h5><\/div> <\/div><div class=\"col-md-3 col-sm-6 center\"><div class=\"fact-item\"><div class=\"fact-number\"><span class=\"icon-happy facts-icon icon_list_default\"><\/span><span class=\"focus-number\">10000<\/span><span class=\"after-number\">+<\/span><\/div><h5 class=\"fact-desc alt-font\">Spokojn\u00fdch z\u00e1kaznikov<\/h5><\/div> <\/div><\/div> <\/div><\/div><\/section>[\/vc_column][\/vc_row][vc_row][vc_column]<style>.nt-services-section h3{color:#05141f !important;}.nt-services-section .desc{color:#05141f !important;}.nt-services-section .service-item{border-color: !important;}.nt-services-section .service-item:hover{border-color:#05141f !important;}.nt-services-section .service-item i{color:#05141f !important;}.nt-services-section .service-item h5{color:#05141f !important;}.nt-services-section .service-item p{color:#05141f !important;}<\/style><section id=\"section_services\" class=\"nt-services-section \"><div class=\"container\"><div class=\"row mt-40 mt-xs-20\"><div class=\"col-md-12 text-center\"><h3 >Na\u0161e slu\u017eby<\/h3><\/div><\/div><div data-wow-delay=\"0.1s\" data-wow-duration=\"2s\" class=\"row mt-60 mt-xs-30 wow fadeIn\"><div class=\" col-sm-4 text-center\"><div class=\"service-item\"><i class=\"icon-piechart\"><\/i><h5 class=\"alt-font\" >predaj<\/h5><div class=\"service-desc\"><p>Autorizovan\u00fd predaj vozidiel KIA.<\/p><\/div><\/div><\/div><div class=\" col-sm-4 text-center\"><div class=\"service-item\"><i class=\"icon-tools-2\"><\/i><h5 class=\"alt-font\" >Servis<\/h5><div class=\"service-desc\"><p>R\u00fdchly a efekt\u00edvny servis<\/p><\/div><\/div><\/div><div class=\" col-sm-4 text-center\"><div class=\"service-item\"><i class=\"icon-wallet\"><\/i><h5 class=\"alt-font\" >Leasing<\/h5><div class=\"service-desc\"><p>R\u00f4zne mo\u017enosti financovania <\/p><\/div><\/div><\/div><div class=\" col-sm-4 text-center\"><div class=\"service-item\"><i class=\"icon-document\"><\/i><h5 class=\"alt-font\" >Poistenie<\/h5><div class=\"service-desc\"><p>Najlep\u0161ie poistenie na trhu<\/p><\/div><\/div><\/div><div class=\" col-sm-4 text-center\"><div class=\"service-item\"><i class=\"icon-presentation\"><\/i><h5 class=\"alt-font\" >V\u00fdkup<\/h5><div class=\"service-desc\"><p>V\u00fdkup jazden\u00fdch vozidiel<\/p><\/div><\/div><\/div><div class=\" col-sm-4 text-center\"><div class=\"service-item\"><i class=\"icon-paintbrush\"><\/i><h5 class=\"alt-font\" >Klampiarstvo a lakern\u00edctvo<\/h5><div class=\"service-desc\"><p>Klampiarske a lakovn\u00edcke pr\u00e1ce<\/p><\/div><\/div><\/div><\/div><\/div><\/section>[\/vc_column][\/vc_row][vc_row][vc_column][vc_custom_heading text=&#8220;Na\u0161a ponuka&#8220; font_container=&#8220;tag:h3|text_align:center|color:%2305141f&#8220; use_theme_fonts=&#8220;yes&#8220; css_animation=&#8220;fadeIn&#8220;][vc_basic_grid post_type=&#8220;auta&#8220; max_items=&#8220;100&#8243; gap=&#8220;5&#8243; orderby=&#8220;modified&#8220; order=&#8220;ASC&#8220; item=&#8220;532&#8243; grid_id=&#8220;vc_gid:1772713500975-340f8896-af85-7&#8243; css=&#8220;.vc_custom_1708239728995{margin-top: 60px !important;margin-bottom: 5px !important;}&#8220; el_id=&#8220;section_models&#8220;][\/vc_column][\/vc_row][vc_row parallax=&#8220;content-moving&#8220; parallax_image=&#8220;238&#8243;][vc_column]<section id=\"section_testimonial\" class=\"testimonial-slider-control fullwidth-testimotal-slider bg-dark-80 pt-100 pb-100 nt-testimonial-section owl-theme owl-carousel owl-loaded -js-carousel  vc_custom_1702493729432\" data-owl-dots=\"false\" data-owl-autoplay=\"true\" data-owl-autoplayspeed=\"350\" data-owl-navspeed=\"500\" data-owl-dotsspeed=\"500\" data-owl-autoplayhoverpause=\"true\" data-owl-autoplaytimeout=\"5000\" data-owl-items=\"1\" data-owl-loop=\"true\" data-owl-nav=\"true\"> <div><div class=\"container\"><div class=\"row\"> <div class=\"col-md-8 col-md-offset-2 text-center\"><div class=\"section-icon\"><span class=\"icon-quote\"><\/span><\/div><h3 class=\"alt-font\">\u010co hovoria na\u0161i z\u00e1kaznici ?<\/h3><blockquote class=\"testimonial\"><p>Nem\u00e1m \u017eiadne v\u00fdhrady ku Kia optimal plus BJ. K\u00fapa n\u00e1\u0161ho nov\u00e9ho auta prebehla v spokojnosti. Mil\u00ed predajca p\u00e1n \u0160. a taktie\u017e aj \u010fal\u0161\u00ed zamestnanci. Aj ke\u010f neb\u00fdvam v okol\u00ed BJ, oplatilo sa pr\u00eds\u0165 od TV. \ud83d\ude42 prv\u00e1 prehliadka auta bude tie\u017e v BJ.<\/p><footer class=\"testimonial-author\">Jozef Pol<\/footer> <\/blockquote> <\/div><\/div><\/div><\/div> <div><div class=\"container\"><div class=\"row\"> <div class=\"col-md-8 col-md-offset-2 text-center\"><div class=\"section-icon\"><span class=\"icon-quote\"><\/span><\/div><h3 class=\"alt-font\">\u010co hovoria na\u0161i z\u00e1kaznici ?<\/h3><blockquote class=\"testimonial\"><p>Predaj a servis \u00e1ut zna\u010dky Kia. Je mo\u017en\u00e9 si tu necha\u0165 aj umy\u0165 auto. \u010cakanie na servis si je mo\u017en\u00e9 spr\u00edjemni\u0165 v kaviarni.<\/p><footer class=\"testimonial-author\">Milo\u0161 Ku\u010da<\/footer> <\/blockquote> <\/div><\/div><\/div><\/div> <div><div class=\"container\"><div class=\"row\"> <div class=\"col-md-8 col-md-offset-2 text-center\"><div class=\"section-icon\"><span class=\"icon-quote\"><\/span><\/div><h3 class=\"alt-font\">\u010co hovoria na\u0161i z\u00e1kaznici ?<\/h3><blockquote class=\"testimonial\"><p>Najprv by som chcela po\u010fakova\u0165 p. \u0160tofkovi za jeho ochotu, pom\u00f4c\u0165 tie\u017e cel\u00e9mu person\u00e1lu Kia Bardejov - Optimal Plus s.r.o. za profesion\u00e1lny pr\u00edstup. S tak\u00fdm mil\u00fdm pr\u00edstupom a ochotou akou mi pom\u00e1hali sa \u010dlovek stretne m\u00e1lo kedy. \u010eakujem.<\/p><footer class=\"testimonial-author\">Mgr. Ren\u00e1ta Achejevov\u00e1<\/footer> <\/blockquote> <\/div><\/div><\/div><\/div> <\/section>[\/vc_column][\/vc_row][vc_row][vc_column][vc_custom_heading text=&#8220;Kontaktujte n\u00e1s&#8220; font_container=&#8220;tag:h3|text_align:center|color:%2305141f&#8220; use_theme_fonts=&#8220;yes&#8220; css_animation=&#8220;fadeIn&#8220; el_id=&#8220;section_contact&#8220; css=&#8220;.vc_custom_1702493813312{margin-top: 80px !important;}&#8220;][\/vc_column][\/vc_row][vc_row][vc_column width=&#8220;1\/2&#8243; el_class=&#8220;contacts&#8220;]<style>.nt-contact-section h3{color: !important;}.nt-contact-section .desc{color: !important;}.nt-contact-section .map-section{background-color: !important;}.nt-contact-section .toggle-text{background-color: !important;}<\/style><section  class=\"pt-0 nt-contact-section \"><div class=\"container\"><div class=\"row\"><div class=\"col-md-12 text-center mt-60 mt-xs-30\"><h3>Servis<\/h3><\/div><\/div><div class=\"row mt-20\"><div class=\"col-md-8 col-md-offset-2 text-center\"><p class=\"desc\">Ak m\u00e1te probl\u00e9m\u00fd alebo potrebujete servisn\u00fa prehliadku nev\u00e1hajte n\u00e1s kontaktova\u0165<\/p><\/div><\/div><div class=\"row mt-60 mt-xs-30\"><div class=\"col-md-8 col-md-offset-2 text-center\"><div class=\"col-sm-4 contact-item\"><span class=\"icon-phone\"><\/span><a href=\"tel:+421 918 910 241-2\" target=\"\">+421 918 910 241-2<\/a><\/div><div class=\"col-sm-4 contact-item\"><span class=\"icon-map\"><\/span><p>\u0160tef\u00e1nikova 75, 085 01 Bardejov, Slovensko<\/p><\/div><div class=\"col-sm-4 contact-item\"><span class=\"icon-envelope\"><\/span><a href=\"mailto:info@optimalsk.sk\" target=\"\">info@optimalsk.sk<\/a><\/div><\/div><\/div><div class=\"row\"><div class=\"col-md-8 col-md-offset-2 mt-40\"><div id=\"contact-form\" class=\"form form-contact\"><\/p>\n<h3 style=\"text-align: center;\">Otv\u00e1racie hodiny<\/h3>\n<p style=\"text-align: center;\"><strong>Pondelok \u2013 Piatok:\u00a0<\/strong>7:30 \u2013 16:00<\/p>\n<p style=\"text-align: center;\"><strong>Sobota:<\/strong> Na objedn\u00e1vku<\/p>\n<p style=\"text-align: center;\"><strong>Nede\u013ea:<\/strong> Zatvoren\u00e9<\/p>\n<p><\/div><\/div><\/div><\/div> <\/section>[\/vc_column][vc_column width=&#8220;1\/2&#8243; el_class=&#8220;contacts&#8220;]<style>.nt-contact-section h3{color: !important;}.nt-contact-section .desc{color: !important;}.nt-contact-section .map-section{background-color: !important;}.nt-contact-section .toggle-text{background-color: !important;}<\/style><section  class=\"pt-0 nt-contact-section \"><div class=\"container\"><div class=\"row\"><div class=\"col-md-12 text-center mt-60 mt-xs-30\"><h3>Predaj<\/h3><\/div><\/div><div class=\"row mt-20\"><div class=\"col-md-8 col-md-offset-2 text-center\"><p class=\"desc\">Ak m\u00e1te z\u00e1ujem o niektor\u00fd z na\u0161ich nev\u00e1hajtre n\u00e1s kontaktova\u0165<\/p><\/div><\/div><div class=\"row mt-60 mt-xs-30\"><div class=\"col-md-8 col-md-offset-2 text-center\"><div class=\"col-sm-4 contact-item\"><span class=\"icon-phone\"><\/span><a href=\"tel:+421 918 910 243\" target=\"\">+421 918 910 243<\/a><\/div><div class=\"col-sm-4 contact-item\"><span class=\"icon-map\"><\/span><p>\u0160tef\u00e1nikova 75, 085 01 Bardejov, Slovensko<\/p><\/div><div class=\"col-sm-4 contact-item\"><span class=\"icon-envelope\"><\/span><a href=\"mailto:predaj@optimaplus.sk\" target=\"\">predaj@optimalsk.sk<\/a><\/div><\/div><\/div><div class=\"row\"><div class=\"col-md-8 col-md-offset-2 mt-40\"><div id=\"contact-form\" class=\"form form-contact\"><\/p>\n<h3 style=\"text-align: center;\">Otv\u00e1racie hodiny<\/h3>\n<p style=\"text-align: center;\"><strong>Pondelok \u2013 Piatok:\u00a0<\/strong>7:30 \u2013 16:00<\/p>\n<p style=\"text-align: center;\"><strong>Sobota &#8211; Nede\u013ea: <\/strong>\u00a0Zatvoren\u00e9<\/p>\n<p><\/div><\/div><\/div><\/div> <\/section>[\/vc_column][\/vc_row][vc_row][vc_column]<style>.nt-contact-section h3{color:#05141f !important;}.nt-contact-section .desc{color:#05141f !important;}.nt-contact-section .map-section{background-color:#05141f !important;}.nt-contact-section .toggle-text{background-color:#05141f !important;}<\/style><section  class=\"pt-0 nt-contact-section \"><div class=\"container\"><div class=\"row\"><div class=\"col-md-12 text-center mt-60 mt-xs-30\"><h3>Nap\u00ed\u0161te n\u00e1m<\/h3><\/div><\/div><div class=\"row mt-20\"><div class=\"col-md-8 col-md-offset-2 text-center\"><p class=\"desc\"><\/p><\/div><\/div><div class=\"row mt-60 mt-xs-30\"><div class=\"col-md-8 col-md-offset-2 text-center\"><\/div><\/div><div class=\"row\"><div class=\"col-md-8 col-md-offset-2 mt-40\"><div id=\"contact-form\" class=\"form form-contact\">\n<div class=\"wpcf7 no-js\" id=\"wpcf7-f431-o1\" lang=\"en\" dir=\"ltr\">\n<div class=\"screen-reader-response\"><p role=\"status\" aria-live=\"polite\" aria-atomic=\"true\"><\/p> <ul><\/ul><\/div>\n<form action=\"\/index.php\/wp-json\/wp\/v2\/pages\/17#wpcf7-f431-o1\" method=\"post\" class=\"wpcf7-form init\" aria-label=\"Kontaktn\u00fd formul\u00e1r\" novalidate=\"novalidate\" data-status=\"init\">\n<div style=\"display: none;\">\n<input type=\"hidden\" name=\"_wpcf7\" value=\"431\" \/>\n<input type=\"hidden\" name=\"_wpcf7_version\" value=\"5.8.5\" \/>\n<input type=\"hidden\" name=\"_wpcf7_locale\" value=\"en\" \/>\n<input type=\"hidden\" name=\"_wpcf7_unit_tag\" value=\"wpcf7-f431-o1\" \/>\n<input type=\"hidden\" name=\"_wpcf7_container_post\" value=\"0\" \/>\n<input type=\"hidden\" name=\"_wpcf7_posted_data_hash\" value=\"\" \/>\n<\/div>\n<div class=\"col-md-6\">\n\t<p><span class=\"wpcf7-form-control-wrap\" data-name=\"text-372\"><input size=\"40\" class=\"wpcf7-form-control wpcf7-text wpcf7-validates-as-required form-control input-md\" aria-required=\"true\" aria-invalid=\"false\" placeholder=\"Meno\" value=\"\" type=\"text\" name=\"text-372\" \/><\/span>\n\t<\/p>\n<\/div>\n<div class=\"col-md-6\">\n\t<p><span class=\"wpcf7-form-control-wrap\" data-name=\"text-373\"><input size=\"40\" class=\"wpcf7-form-control wpcf7-text wpcf7-validates-as-required form-control input-md\" aria-required=\"true\" aria-invalid=\"false\" placeholder=\"Email\" value=\"\" type=\"text\" name=\"text-373\" \/><\/span>\n\t<\/p>\n<\/div>\n<div class=\"col-md-12\">\n\t<p><span class=\"wpcf7-form-control-wrap\" data-name=\"menu-428\"><select class=\"wpcf7-form-control wpcf7-select wpcf7-validates-as-required\" aria-required=\"true\" aria-invalid=\"false\" name=\"menu-428\"><option value=\"Servis\" selected=\"selected\">Servis<\/option><option value=\"Predaj\">Predaj<\/option><\/select><\/span>\n\t<\/p>\n<\/div>\n<div class=\"col-md-12\">\n\t<p><span class=\"wpcf7-form-control-wrap\" data-name=\"textarea-975\"><textarea cols=\"40\" rows=\"10\" class=\"wpcf7-form-control wpcf7-textarea wpcf7-validates-as-required form-control input-md\" aria-required=\"true\" aria-invalid=\"false\" placeholder=\"Spr\u00e1va\" name=\"textarea-975\"><\/textarea><\/span>\n\t<\/p>\n<\/div>\n<div class=\"col-md-6\">\n\t<div id=\"send-results\" class=\"mt-20\">\n\t<\/div>\n<\/div>\n<div class=\"col-md-6\">\n\t<p><input class=\"wpcf7-form-control wpcf7-submit has-spinner btn btn-coffee btn-medium\" type=\"submit\" value=\"Odosla\u0165\" \/>\n\t<\/p>\n<\/div><div class=\"wpcf7-response-output\" aria-hidden=\"true\"><\/div>\n<\/form>\n<\/div>\n<\/div><\/div><\/div><\/div><div class=\"google-map\"><div id=\"map-canvas\" data-address=\"\u0160tef\u00e1nikova 75, 085 01 Bardejov, Slovensko\"><\/div><div class=\"map-section\"> <div class=\"map-toggle\"> <div class=\"toggle-text alt-font\"> <div class=\"toggle-open\">Kde n\u00e1s n\u00e1jdete<i class=\"fa fa-angle-down\"><\/i><\/div><div class=\"toggle-close\">Zatvori\u0165 mapu<i class=\"fa fa-angle-up\"><\/i><\/div><\/div><\/div><\/div><\/div> <\/section>[\/vc_column][\/vc_row]<\/p>\n<\/div>","protected":false},"excerpt":{"rendered":"<p>[vc_row el_id=&#8220;home&#8220;][vc_column][\/vc_column][\/vc_row][vc_row css=&#8220;.vc_custom_1477475873201{background-color: #dd3333 !important;}&#8220;][vc_column][\/vc_column][\/vc_row][vc_row][vc_column][\/vc_column][\/vc_row][vc_row][vc_column][vc_custom_heading text=&#8220;Na\u0161a ponuka&#8220; font_container=&#8220;tag:h3|text_align:center|color:%2305141f&#8220; use_theme_fonts=&#8220;yes&#8220; css_animation=&#8220;fadeIn&#8220;][vc_basic_grid post_type=&#8220;auta&#8220; max_items=&#8220;100&#8243; gap=&#8220;5&#8243; orderby=&#8220;modified&#8220; order=&#8220;ASC&#8220; item=&#8220;532&#8243; grid_id=&#8220;vc_gid:1772713500975-340f8896-af85-7&#8243; css=&#8220;.vc_custom_1708239728995{margin-top: 60px !important;margin-bottom: 5px !important;}&#8220; el_id=&#8220;section_models&#8220;][\/vc_column][\/vc_row][vc_row parallax=&#8220;content-moving&#8220; parallax_image=&#8220;238&#8243;][vc_column][\/vc_column][\/vc_row][vc_row][vc_column][vc_custom_heading text=&#8220;Kontaktujte n\u00e1s&#8220; font_container=&#8220;tag:h3|text_align:center|color:%2305141f&#8220; use_theme_fonts=&#8220;yes&#8220; css_animation=&#8220;fadeIn&#8220; el_id=&#8220;section_contact&#8220; css=&#8220;.vc_custom_1702493813312{margin-top: 80px !important;}&#8220;][\/vc_column][\/vc_row][vc_row][vc_column width=&#8220;1\/2&#8243; el_class=&#8220;contacts&#8220;][\/vc_column][vc_column width=&#8220;1\/2&#8243; el_class=&#8220;contacts&#8220;][\/vc_column][\/vc_row][vc_row][vc_column][\/vc_column][\/vc_row]<\/p>\n","protected":false},"author":1,"featured_media":0,"parent":0,"menu_order":0,"comment_status":"closed","ping_status":"closed","template":"unlimited-page.php","meta":{"footnotes":""},"class_list":["post-17","page","type-page","status-publish","hentry"],"acf":[],"_links":{"self":[{"href":"https:\/\/optimalsk.sk\/index.php\/wp-json\/wp\/v2\/pages\/17","targetHints":{"allow":["GET"]}}],"collection":[{"href":"https:\/\/optimalsk.sk\/index.php\/wp-json\/wp\/v2\/pages"}],"about":[{"href":"https:\/\/optimalsk.sk\/index.php\/wp-json\/wp\/v2\/types\/page"}],"author":[{"embeddable":true,"href":"https:\/\/optimalsk.sk\/index.php\/wp-json\/wp\/v2\/users\/1"}],"replies":[{"embeddable":true,"href":"https:\/\/optimalsk.sk\/index.php\/wp-json\/wp\/v2\/comments?post=17"}],"version-history":[{"count":82,"href":"https:\/\/optimalsk.sk\/index.php\/wp-json\/wp\/v2\/pages\/17\/revisions"}],"predecessor-version":[{"id":807,"href":"https:\/\/optimalsk.sk\/index.php\/wp-json\/wp\/v2\/pages\/17\/revisions\/807"}],"wp:attachment":[{"href":"https:\/\/optimalsk.sk\/index.php\/wp-json\/wp\/v2\/media?parent=17"}],"curies":[{"name":"wp","href":"https:\/\/api.w.org\/{rel}","templated":true}]}}